{"id":23,"date":"2022-05-27T14:18:26","date_gmt":"2022-05-27T12:18:26","guid":{"rendered":"https:\/\/madani-sports.eu\/blog\/?page_id=23"},"modified":"2022-05-27T14:18:26","modified_gmt":"2022-05-27T12:18:26","slug":"o-nas","status":"publish","type":"page","link":"https:\/\/madani-sports.eu\/blog\/o-nas\/","title":{"rendered":"O nas"},"content":{"rendered":"\n<p><strong>Marka madani powsta\u0142a z pasji do jazdy rowerowej, wnikliwej obserwacji ca\u0142ego rynku oraz ch\u0119ci dostarczenia rowerzystom produkt\u00f3w najlepszej jako\u015bci w rozs\u0105dnej dla ka\u017cdej rodziny cenie. Jest ona zarz\u0105dzana przez sp\u00f3\u0142k\u0119 gie\u0142dow\u0105 FEERUM, kt\u00f3ra od 20 lat produkuje zaawansowane technologicznie maszyny.<\/strong><\/p>\n\n\n\n<p>W 2013 r. FEERUM zadebiutowa\u0142o na Gie\u0142dzie Papier\u00f3w Warto\u015bciowych w Warszawie, i od tego momentu systematycznie zwi\u0119ksza sw\u00f3j potencja\u0142, posiadaj\u0105c nowoczesny zrobotyzowany zak\u0142ad produkcyjny.<\/p>\n\n\n\n<p>Marka madani oferuje rowery, odzie\u017c sportow\u0105 oraz akcesoria niezb\u0119dne dla ka\u017cdego mi\u0142o\u015bnika jedno\u015blad\u00f3w. Ka\u017cdy produkt zosta\u0142 dok\u0142adnie opracowany i przetestowany przez zesp\u00f3\u0142 do\u015bwiadczonych specjalist\u00f3w, tak, aby zapewni\u0107 jak najwi\u0119kszy komfort podczas jazdy. Odbiorcami marki b\u0119d\u0105 zar\u00f3wno rowerzy\u015bci z lekkim zaci\u0119ciem sportowym, jak i mi\u0142o\u015bnicy jazdy w \u015brednio trudnych i nawet trudnych warunkach terenowych.<\/p>\n\n\n\n<p>Dowiedz si\u0119 wi\u0119cej na <a href=\"https:\/\/madani-sports.eu\/pl\/content\/4-o-nas\" target=\"_blank\" rel=\"noreferrer noopener\">https:\/\/madani-sports.eu\/pl\/content\/4-o-nas <\/a><\/p>\n","protected":false},"excerpt":{"rendered":"<p>Marka madani powsta\u0142a z pasji do jazdy rowerowej, wnikliwej obserwacji ca\u0142ego rynku oraz ch\u0119ci dostarczenia rowerzystom produkt\u00f3w najlepszej jako\u015bci w rozs\u0105dnej dla ka\u017cdej rodziny cenie. Jest ona zarz\u0105dzana przez sp\u00f3\u0142k\u0119 gie\u0142dow\u0105 FEERUM, kt\u00f3ra od 20 lat produkuje zaawansowane technologicznie maszyny. W 2013 r. FEERUM zadebiutowa\u0142o na Gie\u0142dzie Papier\u00f3w Warto\u015bciowych w Warszawie, i od tego momentu [&hellip;]<\/p>\n","protected":false},"author":1,"featured_media":0,"parent":0,"menu_order":0,"comment_status":"closed","ping_status":"closed","template":"","meta":{"_acf_changed":false,"footnotes":""},"class_list":["post-23","page","type-page","status-publish","hentry"],"acf":[],"_links":{"self":[{"href":"https:\/\/madani-sports.eu\/blog\/wp-json\/wp\/v2\/pages\/23","targetHints":{"allow":["GET"]}}],"collection":[{"href":"https:\/\/madani-sports.eu\/blog\/wp-json\/wp\/v2\/pages"}],"about":[{"href":"https:\/\/madani-sports.eu\/blog\/wp-json\/wp\/v2\/types\/page"}],"author":[{"embeddable":true,"href":"https:\/\/madani-sports.eu\/blog\/wp-json\/wp\/v2\/users\/1"}],"replies":[{"embeddable":true,"href":"https:\/\/madani-sports.eu\/blog\/wp-json\/wp\/v2\/comments?post=23"}],"version-history":[{"count":1,"href":"https:\/\/madani-sports.eu\/blog\/wp-json\/wp\/v2\/pages\/23\/revisions"}],"predecessor-version":[{"id":24,"href":"https:\/\/madani-sports.eu\/blog\/wp-json\/wp\/v2\/pages\/23\/revisions\/24"}],"wp:attachment":[{"href":"https:\/\/madani-sports.eu\/blog\/wp-json\/wp\/v2\/media?parent=23"}],"curies":[{"name":"wp","href":"https:\/\/api.w.org\/{rel}","templated":true}]}}